{"id":33,"date":"2022-09-13T23:52:19","date_gmt":"2022-09-13T23:52:19","guid":{"rendered":"http:\/\/fireargentina.org\/web?page_id=33"},"modified":"2025-09-24T22:49:54","modified_gmt":"2025-09-24T22:49:54","slug":"inicio","status":"publish","type":"page","link":"https:\/\/fireargentina.org\/web\/","title":{"rendered":"Inicio"},"content":{"rendered":"<p>[et_pb_section fb_built=\u00bb1&#8243; _builder_version=\u00bb4.18.0&#8243; _module_preset=\u00bbdefault\u00bb background_enable_color=\u00bboff\u00bb custom_margin=\u00bb0px||0px||true|false\u00bb custom_padding=\u00bb0px||0px||true|false\u00bb global_colors_info=\u00bb{%22gcid-0cc33491-21aa-44cc-a98d-d4554aa8a4a6%22:%91%22background_color%22%93}\u00bb][et_pb_row _builder_version=\u00bb4.18.0&#8243; _module_preset=\u00bbdefault\u00bb width=\u00bb100%\u00bb max_width=\u00bb100%\u00bb custom_margin=\u00bb0px||0px||true|false\u00bb custom_padding=\u00bb0px||0px||true|false\u00bb global_colors_info=\u00bb{}\u00bb][et_pb_column type=\u00bb4_4&#8243; _builder_version=\u00bb4.18.0&#8243; _module_preset=\u00bbdefault\u00bb global_colors_info=\u00bb{}\u00bb][et_pb_slider show_arrows_tablet=\u00bb\u00bb show_arrows_phone=\u00bboff\u00bb show_arrows_last_edited=\u00bbon|phone\u00bb _builder_version=\u00bb4.27.4&#8243; _module_preset=\u00bbdefault\u00bb custom_padding=\u00bb220px||220px||true|false\u00bb custom_padding_tablet=\u00bb220px||220px||true|false\u00bb custom_padding_phone=\u00bb170px||170px||true|false\u00bb custom_padding_last_edited=\u00bbon|phone\u00bb auto=\u00bbon\u00bb global_colors_info=\u00bb{}\u00bb][et_pb_slide _builder_version=\u00bb4.27.4&#8243; _module_preset=\u00bbdefault\u00bb header_font=\u00bbMontserrat|600|||||||\u00bb header_font_size=\u00bb35px\u00bb header_line_height=\u00bb1.5em\u00bb body_font=\u00bbMontserrat|600|||||||\u00bb body_font_size=\u00bb35px\u00bb body_line_height=\u00bb45px\u00bb background_enable_color=\u00bboff\u00bb use_background_color_gradient=\u00bbon\u00bb background_color_gradient_stops=\u00bbrgba(0,0,0,0.28) 20%|rgba(0,0,0,0.85) 100%\u00bb background_image=\u00bbhttps:\/\/fireargentina.org\/web\/wp-content\/uploads\/slide-home-01.jpg\u00bb background_enable_image=\u00bbon\u00bb background_blend=\u00bbmultiply\u00bb width=\u00bb78%\u00bb width_tablet=\u00bb78%\u00bb width_phone=\u00bb100%\u00bb width_last_edited=\u00bbon|phone\u00bb max_width_tablet=\u00bb\u00bb max_width_phone=\u00bb100%\u00bb max_width_last_edited=\u00bbon|phone\u00bb body_font_size_tablet=\u00bb35px\u00bb body_font_size_phone=\u00bb25px\u00bb body_font_size_last_edited=\u00bbon|phone\u00bb body_line_height_tablet=\u00bb45px\u00bb body_line_height_phone=\u00bb35px\u00bb body_line_height_last_edited=\u00bbon|phone\u00bb global_colors_info=\u00bb{}\u00bb sticky_transition=\u00bbon\u00bb]<\/p>\n<p>FUNDACI\u00d3N INTERNACIONAL PARA LA RESTAURACI\u00d3N DE ECOSISTEMAS\u00a0 ARGENTINA<\/p>\n<p>[\/et_pb_slide][et_pb_slide _builder_version=\u00bb4.27.4&#8243; _module_preset=\u00bbdefault\u00bb header_font=\u00bbMontserrat|600|||||||\u00bb header_font_size=\u00bb35px\u00bb header_line_height=\u00bb1.5em\u00bb body_font=\u00bbMontserrat|600|||||||\u00bb body_font_size=\u00bb35px\u00bb body_line_height=\u00bb45px\u00bb background_enable_color=\u00bboff\u00bb use_background_color_gradient=\u00bbon\u00bb background_color_gradient_stops=\u00bbrgba(0,0,0,0.28) 20%|rgba(0,0,0,0.85) 100%\u00bb background_image=\u00bbhttps:\/\/fireargentina.org\/web\/wp-content\/uploads\/slide-home-02.jpg\u00bb background_enable_image=\u00bbon\u00bb background_blend=\u00bbmultiply\u00bb body_font_size_tablet=\u00bb35px\u00bb body_font_size_phone=\u00bb25px\u00bb body_font_size_last_edited=\u00bbon|phone\u00bb body_line_height_tablet=\u00bb45px\u00bb body_line_height_phone=\u00bb35px\u00bb body_line_height_last_edited=\u00bbon|phone\u00bb global_colors_info=\u00bb{}\u00bb sticky_transition=\u00bbon\u00bb]<\/p>\n<p>INVESTIGACI\u00d3N.<br \/>CONSULTOR\u00cdA.<\/p>\n<p>[\/et_pb_slide][et_pb_slide _builder_version=\u00bb4.27.4&#8243; _module_preset=\u00bbdefault\u00bb header_font=\u00bbMontserrat|600|||||||\u00bb header_font_size=\u00bb35px\u00bb header_line_height=\u00bb1.5em\u00bb body_font=\u00bbMontserrat|600|||||||\u00bb body_font_size=\u00bb35px\u00bb body_line_height=\u00bb45px\u00bb background_enable_color=\u00bboff\u00bb use_background_color_gradient=\u00bbon\u00bb background_color_gradient_stops=\u00bbrgba(0,0,0,0.28) 20%|rgba(0,0,0,0.85) 100%\u00bb background_image=\u00bbhttps:\/\/fireargentina.org\/web\/wp-content\/uploads\/slide-home-03.jpg\u00bb background_enable_image=\u00bbon\u00bb background_blend=\u00bbmultiply\u00bb body_font_size_tablet=\u00bb35px\u00bb body_font_size_phone=\u00bb25px\u00bb body_font_size_last_edited=\u00bbon|phone\u00bb body_line_height_tablet=\u00bb45px\u00bb body_line_height_phone=\u00bb35px\u00bb body_line_height_last_edited=\u00bbon|phone\u00bb global_colors_info=\u00bb{}\u00bb sticky_transition=\u00bbon\u00bb]<\/p>\n<p>CAPACITACI\u00d3N.<br \/>SENSIBILIZACI\u00d3N AMBIENTAL.<\/p>\n<p>[\/et_pb_slide][et_pb_slide _builder_version=\u00bb4.27.4&#8243; _module_preset=\u00bbdefault\u00bb header_font=\u00bbMontserrat|600|||||||\u00bb header_font_size=\u00bb35px\u00bb header_line_height=\u00bb1.5em\u00bb body_font=\u00bbMontserrat|600|||||||\u00bb body_font_size=\u00bb35px\u00bb body_line_height=\u00bb45px\u00bb background_enable_color=\u00bboff\u00bb use_background_color_gradient=\u00bbon\u00bb background_color_gradient_stops=\u00bbrgba(0,0,0,0.28) 20%|rgba(0,0,0,0.85) 100%\u00bb background_image=\u00bbhttps:\/\/fireargentina.org\/web\/wp-content\/uploads\/slide-home-04.jpg\u00bb background_enable_image=\u00bbon\u00bb background_blend=\u00bbmultiply\u00bb body_font_size_tablet=\u00bb35px\u00bb body_font_size_phone=\u00bb25px\u00bb body_font_size_last_edited=\u00bbon|phone\u00bb body_line_height_tablet=\u00bb45px\u00bb body_line_height_phone=\u00bb35px\u00bb body_line_height_last_edited=\u00bbon|phone\u00bb global_colors_info=\u00bb{}\u00bb sticky_transition=\u00bbon\u00bb]<\/p>\n<p>ECOSISTEMAS URBANOS.<\/p>\n<p>[\/et_pb_slide][et_pb_slide _builder_version=\u00bb4.27.4&#8243; _module_preset=\u00bbdefault\u00bb header_font=\u00bbMontserrat|600|||||||\u00bb header_font_size=\u00bb35px\u00bb header_line_height=\u00bb1.5em\u00bb body_font=\u00bbMontserrat|600||on|||||\u00bb body_font_size=\u00bb35px\u00bb body_line_height=\u00bb45px\u00bb background_enable_color=\u00bboff\u00bb use_background_color_gradient=\u00bbon\u00bb background_color_gradient_stops=\u00bbrgba(0,0,0,0.28) 20%|rgba(0,0,0,0.85) 100%\u00bb background_image=\u00bbhttps:\/\/fireargentina.org\/web\/wp-content\/uploads\/slide-home-05.jpg\u00bb background_enable_image=\u00bbon\u00bb background_blend=\u00bbmultiply\u00bb body_font_size_tablet=\u00bb35px\u00bb body_font_size_phone=\u00bb25px\u00bb body_font_size_last_edited=\u00bbon|phone\u00bb body_line_height_tablet=\u00bb45px\u00bb body_line_height_phone=\u00bb35px\u00bb body_line_height_last_edited=\u00bbon|phone\u00bb global_colors_info=\u00bb{}\u00bb sticky_transition=\u00bbon\u00bb]<\/p>\n<p>Restauraci\u00f3n de Ecosistemas.<br \/>Agricultura sustentable.<\/p>\n<p>[\/et_pb_slide][\/et_pb_slider][\/et_pb_column][\/et_pb_row][\/et_pb_section][et_pb_section fb_built=\u00bb1&#8243; custom_padding_last_edited=\u00bbon|phone\u00bb _builder_version=\u00bb4.18.0&#8243; _module_preset=\u00bbdefault\u00bb custom_margin=\u00bb||||true|false\u00bb custom_padding=\u00bb100px||10px||false|false\u00bb custom_padding_tablet=\u00bb100px||10px||false|false\u00bb custom_padding_phone=\u00bb60px||||false|false\u00bb global_colors_info=\u00bb{}\u00bb][et_pb_row make_equal=\u00bbon\u00bb _builder_version=\u00bb4.18.0&#8243; _module_preset=\u00bbdefault\u00bb width_tablet=\u00bb\u00bb width_phone=\u00bb100%\u00bb width_last_edited=\u00bbon|phone\u00bb max_width_tablet=\u00bb\u00bb max_width_phone=\u00bb85%\u00bb max_width_last_edited=\u00bbon|phone\u00bb custom_padding=\u00bb0px||0px||true|false\u00bb global_colors_info=\u00bb{}\u00bb][et_pb_column type=\u00bb4_4&#8243; _builder_version=\u00bb4.18.0&#8243; _module_preset=\u00bbdefault\u00bb global_colors_info=\u00bb{}\u00bb][et_pb_image src=\u00bbhttps:\/\/fireargentina.org\/web\/wp-content\/uploads\/globo-home.png\u00bb title_text=\u00bbfavicon\u00bb align=\u00bbcenter\u00bb _builder_version=\u00bb4.27.4&#8243; _module_preset=\u00bbdefault\u00bb width=\u00bb16%\u00bb width_tablet=\u00bb16%\u00bb width_phone=\u00bb35%\u00bb width_last_edited=\u00bbon|phone\u00bb border_radii=\u00bbon|500px|500px|500px|500px\u00bb box_shadow_style=\u00bbpreset1&#8243; global_colors_info=\u00bb{}\u00bb][\/et_pb_image][et_pb_text _builder_version=\u00bb4.18.0&#8243; _module_preset=\u00bbdefault\u00bb text_font=\u00bbMontserrat|600|||||||\u00bb text_text_color=\u00bbgcid-f5e91ded-eb5d-42c7-ac30-746c7522eab7&#8243; text_font_size=\u00bb25px\u00bb text_orientation=\u00bbcenter\u00bb custom_margin=\u00bb10px||30px||false|false\u00bb custom_padding=\u00bb0px||0px||true|false\u00bb text_line_height_tablet=\u00bb\u00bb text_line_height_phone=\u00bb35px\u00bb text_line_height_last_edited=\u00bbon|phone\u00bb global_colors_info=\u00bb{%22gcid-f5e91ded-eb5d-42c7-ac30-746c7522eab7%22:%91%22text_text_color%22%93}\u00bb]<\/p>\n<p>\u00bfPOR QU\u00c9 RESTAURAR?<\/p>\n<p>[\/et_pb_text][et_pb_text _builder_version=\u00bb4.18.0&#8243; _module_preset=\u00bbdefault\u00bb text_font=\u00bbMontserrat||||||||\u00bb text_text_color=\u00bb#000000&#8243; text_font_size=\u00bb15px\u00bb text_line_height=\u00bb1.8em\u00bb text_orientation=\u00bbcenter\u00bb custom_margin=\u00bb0px||0px||true|false\u00bb custom_padding=\u00bb0px||0px||true|false\u00bb global_colors_info=\u00bb{}\u00bb]<\/p>\n<p>La Sociedad para la Restauraci\u00f3n Ecol\u00f3gica (SER siglas en ingl\u00e9s) define a la restauraci\u00f3n ecol\u00f3gica como el proceso de ayudar a la recuperaci\u00f3n de un ecosistema que ha sido degradado, da\u00f1ado o destruido. Ante niveles actuales de degradaci\u00f3n ambiental, a partir de la restauraci\u00f3n ecol\u00f3gica se aspira a llevar a un ecosistema degradado a una trayectoria de recuperaci\u00f3n que permita la adaptaci\u00f3n a los cambios locales y globales, as\u00ed como la persistencia y evoluci\u00f3n de las especies que lo componen.<\/p>\n<p>[\/et_pb_text][\/et_pb_column][\/et_pb_row][\/et_pb_section][et_pb_section fb_built=\u00bb1&#8243; _builder_version=\u00bb4.18.0&#8243; _module_preset=\u00bbdefault\u00bb custom_padding=\u00bb||100px||false|false\u00bb global_colors_info=\u00bb{}\u00bb][et_pb_row _builder_version=\u00bb4.18.0&#8243; _module_preset=\u00bbdefault\u00bb max_width=\u00bb90%\u00bb custom_padding=\u00bb0px||0px||true|false\u00bb global_colors_info=\u00bb{}\u00bb][et_pb_column type=\u00bb4_4&#8243; _builder_version=\u00bb4.18.0&#8243; _module_preset=\u00bbdefault\u00bb global_colors_info=\u00bb{}\u00bb][wdcl_image_carousel nav_pagi=\u00bbnav_pagi\u00bb slide_count=\u00bb4&#8243; arrow_color=\u00bb#FFFFFF\u00bb arrow_bg=\u00bb#5595ac\u00bb pagi_color=\u00bb#bfbfbf\u00bb pagi_color_active=\u00bbgcid-0cc33491-21aa-44cc-a98d-d4554aa8a4a6&#8243; slide_count_tablet=\u00bb4&#8243; slide_count_phone=\u00bb2&#8243; slide_count_last_edited=\u00bbon|phone\u00bb _builder_version=\u00bb4.27.4&#8243; _module_preset=\u00bbdefault\u00bb global_colors_info=\u00bb{%22gcid-0cc33491-21aa-44cc-a98d-d4554aa8a4a6%22:%91%22pagi_color_active%22%93}\u00bb arrow_bg__hover_enabled=\u00bbon|desktop\u00bb arrow_bg__hover=\u00bb#5595ac\u00bb][wdcl_image_carousel_child photo=\u00bbhttps:\/\/fireargentina.org\/web\/wp-content\/uploads\/hongo-01.jpg\u00bb _builder_version=\u00bb4.27.4&#8243; _module_preset=\u00bbdefault\u00bb global_colors_info=\u00bb{}\u00bb][\/wdcl_image_carousel_child][wdcl_image_carousel_child photo=\u00bbhttps:\/\/fireargentina.org\/web\/wp-content\/uploads\/hongo-02.jpg\u00bb _builder_version=\u00bb4.27.4&#8243; _module_preset=\u00bbdefault\u00bb global_colors_info=\u00bb{}\u00bb][\/wdcl_image_carousel_child][wdcl_image_carousel_child photo=\u00bbhttps:\/\/fireargentina.org\/web\/wp-content\/uploads\/hongo-03.jpg\u00bb _builder_version=\u00bb4.27.4&#8243; _module_preset=\u00bbdefault\u00bb global_colors_info=\u00bb{}\u00bb][\/wdcl_image_carousel_child][wdcl_image_carousel_child photo=\u00bbhttps:\/\/fireargentina.org\/web\/wp-content\/uploads\/hongo-04.jpg\u00bb _builder_version=\u00bb4.27.4&#8243; _module_preset=\u00bbdefault\u00bb global_colors_info=\u00bb{}\u00bb][\/wdcl_image_carousel_child][wdcl_image_carousel_child photo=\u00bbhttps:\/\/fireargentina.org\/web\/wp-content\/uploads\/hongo-05.jpg\u00bb _builder_version=\u00bb4.27.4&#8243; _module_preset=\u00bbdefault\u00bb global_colors_info=\u00bb{}\u00bb][\/wdcl_image_carousel_child][wdcl_image_carousel_child photo=\u00bbhttps:\/\/fireargentina.org\/web\/wp-content\/uploads\/hongo-06.jpg\u00bb _builder_version=\u00bb4.27.4&#8243; _module_preset=\u00bbdefault\u00bb global_colors_info=\u00bb{}\u00bb][\/wdcl_image_carousel_child][wdcl_image_carousel_child photo=\u00bbhttps:\/\/fireargentina.org\/web\/wp-content\/uploads\/hongo-07.jpg\u00bb _builder_version=\u00bb4.27.4&#8243; _module_preset=\u00bbdefault\u00bb global_colors_info=\u00bb{}\u00bb][\/wdcl_image_carousel_child][wdcl_image_carousel_child photo=\u00bbhttps:\/\/fireargentina.org\/web\/wp-content\/uploads\/hongo-08.jpg\u00bb _builder_version=\u00bb4.27.4&#8243; _module_preset=\u00bbdefault\u00bb global_colors_info=\u00bb{}\u00bb][\/wdcl_image_carousel_child][wdcl_image_carousel_child photo=\u00bbhttps:\/\/fireargentina.org\/web\/wp-content\/uploads\/hongo-09.jpg\u00bb image_hover_animation=\u00bbzoom-in\u00bb _builder_version=\u00bb4.27.4&#8243; _module_preset=\u00bbdefault\u00bb global_colors_info=\u00bb{}\u00bb][\/wdcl_image_carousel_child][\/wdcl_image_carousel][\/et_pb_column][\/et_pb_row][\/et_pb_section][et_pb_section fb_built=\u00bb1&#8243; _builder_version=\u00bb4.18.0&#8243; _module_preset=\u00bbdefault\u00bb background_color=\u00bbgcid-523e7119-a0ad-4f73-9f4c-30e500c92db3&#8243; custom_margin=\u00bb0px||0px||false|false\u00bb custom_padding=\u00bb0px||0px||true|false\u00bb global_colors_info=\u00bb{%22gcid-523e7119-a0ad-4f73-9f4c-30e500c92db3%22:%91%22background_color%22%93}\u00bb][et_pb_row column_structure=\u00bb1_2,1_2&#8243; use_custom_gutter=\u00bbon\u00bb gutter_width=\u00bb1&#8243; make_equal=\u00bbon\u00bb _builder_version=\u00bb4.18.0&#8243; _module_preset=\u00bbdefault\u00bb width=\u00bb100%\u00bb width_tablet=\u00bb100%\u00bb width_phone=\u00bb\u00bb width_last_edited=\u00bbon|phone\u00bb max_width=\u00bb100%\u00bb max_width_tablet=\u00bb100%\u00bb max_width_phone=\u00bb\u00bb max_width_last_edited=\u00bbon|phone\u00bb custom_padding=\u00bb0px||0px||true|false\u00bb global_colors_info=\u00bb{}\u00bb][et_pb_column type=\u00bb1_2&#8243; _builder_version=\u00bb4.18.0&#8243; _module_preset=\u00bbdefault\u00bb global_colors_info=\u00bb{}\u00bb][et_pb_slider _builder_version=\u00bb4.27.4&#8243; _module_preset=\u00bbdefault\u00bb min_height_tablet=\u00bb\u00bb min_height_phone=\u00bb\u00bb min_height_last_edited=\u00bbon|phone\u00bb height_tablet=\u00bb\u00bb height_phone=\u00bb350px\u00bb height_last_edited=\u00bbon|phone\u00bb custom_padding=\u00bb250px||250px||true|false\u00bb auto=\u00bbon\u00bb global_colors_info=\u00bb{}\u00bb][et_pb_slide _builder_version=\u00bb4.27.4&#8243; _module_preset=\u00bbdefault\u00bb background_enable_color=\u00bboff\u00bb background_image=\u00bbhttps:\/\/fireargentina.org\/web\/wp-content\/uploads\/slide-chico-01.jpg\u00bb background_enable_image=\u00bbon\u00bb global_colors_info=\u00bb{}\u00bb sticky_transition=\u00bbon\u00bb][\/et_pb_slide][et_pb_slide _builder_version=\u00bb4.27.4&#8243; _module_preset=\u00bbdefault\u00bb background_enable_color=\u00bboff\u00bb background_image=\u00bbhttps:\/\/fireargentina.org\/web\/wp-content\/uploads\/slide-chico-02.jpg\u00bb background_enable_image=\u00bbon\u00bb global_colors_info=\u00bb{}\u00bb sticky_transition=\u00bbon\u00bb][\/et_pb_slide][et_pb_slide _builder_version=\u00bb4.27.4&#8243; _module_preset=\u00bbdefault\u00bb background_enable_color=\u00bboff\u00bb background_image=\u00bbhttps:\/\/fireargentina.org\/web\/wp-content\/uploads\/slide-chico-03.jpg\u00bb background_enable_image=\u00bbon\u00bb global_colors_info=\u00bb{}\u00bb sticky_transition=\u00bbon\u00bb][\/et_pb_slide][\/et_pb_slider][\/et_pb_column][et_pb_column type=\u00bb1_2&#8243; _builder_version=\u00bb4.18.0&#8243; _module_preset=\u00bbdefault\u00bb custom_padding=\u00bb40px|100px|40px|80px|false|false\u00bb custom_padding_tablet=\u00bb40px|100px|40px|80px|false|false\u00bb custom_padding_phone=\u00bb40px|20px|40px|20px|true|true\u00bb custom_padding_last_edited=\u00bbon|phone\u00bb custom_css_main_element=\u00bbmargin: auto;\u00bb global_colors_info=\u00bb{}\u00bb][et_pb_text _builder_version=\u00bb4.18.0&#8243; _module_preset=\u00bbdefault\u00bb text_font=\u00bbMontserrat|600|||||||\u00bb text_text_color=\u00bb#000000&#8243; text_font_size=\u00bb20px\u00bb text_line_height=\u00bb30px\u00bb custom_margin=\u00bb0px||15px||false|false\u00bb custom_padding=\u00bb0px||0px||true|false\u00bb global_colors_info=\u00bb{}\u00bb]<\/p>\n<p>Nueva D\u00e9cada de la ONU para la Restauraci\u00f3n de los Ecosistemas, una gran oportunidad para la seguridad alimentaria y la acci\u00f3n clim\u00e1tica<\/p>\n<p>[\/et_pb_text][et_pb_text _builder_version=\u00bb4.18.0&#8243; _module_preset=\u00bbdefault\u00bb text_font=\u00bbMontserrat||||||||\u00bb text_text_color=\u00bb#000000&#8243; text_font_size=\u00bb15px\u00bb custom_margin=\u00bb0px||0px||true|false\u00bb custom_padding=\u00bb0px||0px||true|false\u00bb global_colors_info=\u00bb{}\u00bb]<\/p>\n<p>La Asamblea General de las Naciones Unidas declar\u00f3 2021-2030 la D\u00e9cada de las Naciones Unidas para la Restauraci\u00f3n de los Ecosistemas.<br \/>La restauraci\u00f3n podr\u00eda eliminar hasta 26 gigatoneladas de gases de efecto invernadero de la atm\u00f3sfera.<br \/>ONU Medio Ambiente y la FAO liderar\u00e1n la implementaci\u00f3n de la D\u00e9cada.<\/p>\n<p>[\/et_pb_text][et_pb_button button_url=\u00bbhttps:\/\/www.unep.org\/es\/noticias-y-reportajes\/comunicado-de-prensa\/nueva-decada-de-la-onu-para-la-restauracion-de-los\u00bb url_new_window=\u00bbon\u00bb button_text=\u00bbLeer m\u00e1s\u00bb _builder_version=\u00bb4.18.0&#8243; _module_preset=\u00bbdefault\u00bb custom_button=\u00bbon\u00bb button_text_size=\u00bb18px\u00bb button_text_color=\u00bb#FFFFFF\u00bb button_bg_color=\u00bbgcid-f5e91ded-eb5d-42c7-ac30-746c7522eab7&#8243; button_border_width=\u00bb0px\u00bb button_border_color=\u00bbRGBA(255,255,255,0)\u00bb custom_margin=\u00bb40px||||false|false\u00bb global_colors_info=\u00bb{%22gcid-f5e91ded-eb5d-42c7-ac30-746c7522eab7%22:%91%22button_bg_color%22%93}\u00bb][\/et_pb_button][\/et_pb_column][\/et_pb_row][\/et_pb_section]<\/p>\n","protected":false},"excerpt":{"rendered":"<p>FUNDACI\u00d3N INTERNACIONAL PARA LA RESTAURACI\u00d3N DE ECOSISTEMAS\u00a0 ARGENTINAINVESTIGACI\u00d3N.CONSULTOR\u00cdA.CAPACITACI\u00d3N.SENSIBILIZACI\u00d3N AMBIENTAL.ECOSISTEMAS URBANOS.Restauraci\u00f3n de Ecosistemas.Agricultura sustentable.\u00bfPOR QU\u00c9 RESTAURAR?La Sociedad para la Restauraci\u00f3n Ecol\u00f3gica (SER siglas en ingl\u00e9s) define a la restauraci\u00f3n ecol\u00f3gica como el proceso de ayudar a la recuperaci\u00f3n de un ecosistema que ha sido degradado, da\u00f1ado o destruido. Ante niveles actuales de degradaci\u00f3n ambiental, a partir [&hellip;]<\/p>\n","protected":false},"author":2,"featured_media":0,"parent":0,"menu_order":0,"comment_status":"closed","ping_status":"closed","template":"","meta":{"_et_pb_use_builder":"on","_et_pb_old_content":"","_et_gb_content_width":"","footnotes":""},"class_list":["post-33","page","type-page","status-publish","hentry"],"_links":{"self":[{"href":"https:\/\/fireargentina.org\/web\/wp-json\/wp\/v2\/pages\/33","targetHints":{"allow":["GET"]}}],"collection":[{"href":"https:\/\/fireargentina.org\/web\/wp-json\/wp\/v2\/pages"}],"about":[{"href":"https:\/\/fireargentina.org\/web\/wp-json\/wp\/v2\/types\/page"}],"author":[{"embeddable":true,"href":"https:\/\/fireargentina.org\/web\/wp-json\/wp\/v2\/users\/2"}],"replies":[{"embeddable":true,"href":"https:\/\/fireargentina.org\/web\/wp-json\/wp\/v2\/comments?post=33"}],"version-history":[{"count":47,"href":"https:\/\/fireargentina.org\/web\/wp-json\/wp\/v2\/pages\/33\/revisions"}],"predecessor-version":[{"id":442,"href":"https:\/\/fireargentina.org\/web\/wp-json\/wp\/v2\/pages\/33\/revisions\/442"}],"wp:attachment":[{"href":"https:\/\/fireargentina.org\/web\/wp-json\/wp\/v2\/media?parent=33"}],"curies":[{"name":"wp","href":"https:\/\/api.w.org\/{rel}","templated":true}]}}