{"id":148,"date":"2022-09-20T01:34:21","date_gmt":"2022-09-20T01:34:21","guid":{"rendered":"http:\/\/fireargentina.org\/web?page_id=148"},"modified":"2025-10-05T22:39:02","modified_gmt":"2025-10-05T22:39:02","slug":"sobre-nosotros","status":"publish","type":"page","link":"https:\/\/fireargentina.org\/web\/sobre-nosotros\/","title":{"rendered":"Sobre Nosotros"},"content":{"rendered":"<p>[et_pb_section fb_built=\u00bb1&#8243; custom_padding_last_edited=\u00bbon|phone\u00bb _builder_version=\u00bb4.27.4&#8243; _module_preset=\u00bbdefault\u00bb background_enable_color=\u00bboff\u00bb use_background_color_gradient=\u00bbon\u00bb background_color_gradient_stops=\u00bbrgba(0,0,0,0.74) 0%|rgba(0,0,0,0.44) 100%\u00bb background_image=\u00bbhttps:\/\/fireargentina.org\/web\/wp-content\/uploads\/masshead-nosotros.jpg\u00bb background_blend=\u00bbmultiply\u00bb custom_margin=\u00bb-100px||0px||false|false\u00bb custom_padding=\u00bb220px||100px||false|false\u00bb custom_padding_tablet=\u00bb220px||100px||false|false\u00bb custom_padding_phone=\u00bb160px||60px||false|false\u00bb global_colors_info=\u00bb{%22gcid-0cc33491-21aa-44cc-a98d-d4554aa8a4a6%22:%91%22background_color%22%93}\u00bb][et_pb_row _builder_version=\u00bb4.18.0&#8243; _module_preset=\u00bbdefault\u00bb width=\u00bb100%\u00bb max_width=\u00bb100%\u00bb max_width_tablet=\u00bb100%\u00bb max_width_phone=\u00bb90%\u00bb max_width_last_edited=\u00bbon|phone\u00bb custom_margin=\u00bb0px||0px||true|false\u00bb custom_padding=\u00bb0px||0px||false|false\u00bb global_colors_info=\u00bb{}\u00bb][et_pb_column type=\u00bb4_4&#8243; _builder_version=\u00bb4.18.0&#8243; _module_preset=\u00bbdefault\u00bb global_colors_info=\u00bb{}\u00bb][et_pb_text _builder_version=\u00bb4.18.0&#8243; _module_preset=\u00bbdefault\u00bb text_font=\u00bbMontserrat|600|||||||\u00bb text_text_color=\u00bb#FFFFFF\u00bb text_font_size=\u00bb35px\u00bb text_orientation=\u00bbcenter\u00bb custom_margin=\u00bb||20px||false|false\u00bb text_font_size_tablet=\u00bb35px\u00bb text_font_size_phone=\u00bb25px\u00bb text_font_size_last_edited=\u00bbon|phone\u00bb text_line_height_tablet=\u00bb\u00bb text_line_height_phone=\u00bb35px\u00bb text_line_height_last_edited=\u00bbon|phone\u00bb global_colors_info=\u00bb{}\u00bb]<\/p>\n<p>Sobre Nosotros<\/p>\n<p>[\/et_pb_text][et_pb_text _builder_version=\u00bb4.18.0&#8243; _module_preset=\u00bbdefault\u00bb text_font=\u00bbMontserrat|500|||||||\u00bb text_text_color=\u00bb#FFFFFF\u00bb text_font_size=\u00bb20px\u00bb text_orientation=\u00bbcenter\u00bb text_font_size_tablet=\u00bb20px\u00bb text_font_size_phone=\u00bb15px\u00bb text_font_size_last_edited=\u00bbon|phone\u00bb text_line_height_tablet=\u00bb\u00bb text_line_height_phone=\u00bb25px\u00bb text_line_height_last_edited=\u00bbon|phone\u00bb global_colors_info=\u00bb{}\u00bb]<\/p>\n<p><span>Fundaci\u00f3n Internacional para la Restauraci\u00f3n de Ecosistemas &#8211; Argentina<\/span><\/p>\n<p>[\/et_pb_text][\/et_pb_column][\/et_pb_row][\/et_pb_section][et_pb_section fb_built=\u00bb1&#8243; custom_padding_last_edited=\u00bbon|phone\u00bb _builder_version=\u00bb4.18.0&#8243; _module_preset=\u00bbdefault\u00bb custom_margin=\u00bb||||true|false\u00bb custom_padding=\u00bb100px||100px||true|false\u00bb custom_padding_tablet=\u00bb100px||100px||true|false\u00bb custom_padding_phone=\u00bb80px||80px||true|false\u00bb global_colors_info=\u00bb{}\u00bb][et_pb_row column_structure=\u00bb1_3,2_3&#8243; use_custom_gutter=\u00bbon\u00bb gutter_width=\u00bb2&#8243; make_equal=\u00bbon\u00bb custom_padding_last_edited=\u00bbon|phone\u00bb _builder_version=\u00bb4.18.0&#8243; _module_preset=\u00bbdefault\u00bb background_color=\u00bbgcid-f5e91ded-eb5d-42c7-ac30-746c7522eab7&#8243; width_tablet=\u00bb\u00bb width_phone=\u00bb100%\u00bb width_last_edited=\u00bbon|phone\u00bb max_width_tablet=\u00bb\u00bb max_width_phone=\u00bb90%\u00bb max_width_last_edited=\u00bbon|phone\u00bb custom_margin=\u00bb||30px||false|false\u00bb custom_padding=\u00bb30px|20px|30px|20px|true|true\u00bb custom_padding_tablet=\u00bb30px|20px|30px|20px|true|true\u00bb custom_padding_phone=\u00bb30px|20px|30px|20px|true|true\u00bb global_colors_info=\u00bb{%22gcid-f5e91ded-eb5d-42c7-ac30-746c7522eab7%22:%91%22background_color%22%93}\u00bb][et_pb_column type=\u00bb1_3&#8243; _builder_version=\u00bb4.18.0&#8243; _module_preset=\u00bbdefault\u00bb border_width_right=\u00bb0px\u00bb border_color_right=\u00bb#FFFFFF\u00bb global_colors_info=\u00bb{}\u00bb][et_pb_text _builder_version=\u00bb4.18.0&#8243; _module_preset=\u00bbdefault\u00bb text_font=\u00bbMontserrat|600|||||||\u00bb text_text_color=\u00bb#FFFFFF\u00bb text_font_size=\u00bb22px\u00bb text_orientation=\u00bbcenter\u00bb custom_margin=\u00bb20px||30px||false|false\u00bb custom_margin_tablet=\u00bb20px||30px||false|false\u00bb custom_margin_phone=\u00bb0px||0px||false|false\u00bb custom_margin_last_edited=\u00bbon|phone\u00bb custom_padding=\u00bb0px||0px||true|false\u00bb text_orientation_tablet=\u00bbcenter\u00bb text_orientation_phone=\u00bbleft\u00bb text_orientation_last_edited=\u00bbon|phone\u00bb global_colors_info=\u00bb{}\u00bb]<\/p>\n<p>CONOC\u00c9 AL EQUIPO<\/p>\n<p>[\/et_pb_text][\/et_pb_column][et_pb_column type=\u00bb2_3&#8243; _builder_version=\u00bb4.18.0&#8243; _module_preset=\u00bbdefault\u00bb global_colors_info=\u00bb{}\u00bb][et_pb_text _builder_version=\u00bb4.27.4&#8243; _module_preset=\u00bbdefault\u00bb text_font=\u00bbMontserrat||||||||\u00bb text_text_color=\u00bb#FFFFFF\u00bb text_font_size=\u00bb15px\u00bb text_line_height=\u00bb30px\u00bb custom_margin=\u00bb0px||0px||false|false\u00bb custom_padding=\u00bb0px||0px||true|false\u00bb global_colors_info=\u00bb{}\u00bb]<strong>Presidente:<\/strong> Dra. Mariel Bazzalo<br \/>\n<strong>Tesorera:<\/strong> Dra. Paula Meli<br \/>\n<strong><\/strong><strong>Secretaria:<\/strong> Prof. D\u00e9bora E. Amable[\/et_pb_text][\/et_pb_column][\/et_pb_row][et_pb_row column_structure=\u00bb1_3,2_3&#8243; use_custom_gutter=\u00bbon\u00bb gutter_width=\u00bb2&#8243; make_equal=\u00bbon\u00bb _builder_version=\u00bb4.18.0&#8243; _module_preset=\u00bbdefault\u00bb background_color=\u00bbgcid-523e7119-a0ad-4f73-9f4c-30e500c92db3&#8243; width_tablet=\u00bb\u00bb width_phone=\u00bb100%\u00bb width_last_edited=\u00bbon|phone\u00bb max_width_tablet=\u00bb\u00bb max_width_phone=\u00bb90%\u00bb max_width_last_edited=\u00bbon|phone\u00bb custom_padding=\u00bb30px|20px|30px|20px|true|true\u00bb global_colors_info=\u00bb{%22gcid-523e7119-a0ad-4f73-9f4c-30e500c92db3%22:%91%22background_color%22%93}\u00bb][et_pb_column type=\u00bb1_3&#8243; _builder_version=\u00bb4.18.0&#8243; _module_preset=\u00bbdefault\u00bb global_colors_info=\u00bb{}\u00bb][et_pb_image src=\u00bbhttps:\/\/fireargentina.org\/web\/wp-content\/uploads\/mariel.jpg\u00bb title_text=\u00bbmariel\u00bb align=\u00bbcenter\u00bb _builder_version=\u00bb4.27.4&#8243; _module_preset=\u00bbdefault\u00bb custom_margin=\u00bb0px||15px||false|false\u00bb custom_padding=\u00bb0px||0px||true|false\u00bb border_radii=\u00bbon|250px|250px|250px|250px\u00bb global_colors_info=\u00bb{}\u00bb][\/et_pb_image][et_pb_text _builder_version=\u00bb4.18.0&#8243; _module_preset=\u00bbdefault\u00bb text_font=\u00bbMontserrat|600|||||||\u00bb text_text_color=\u00bbgcid-0cc33491-21aa-44cc-a98d-d4554aa8a4a6&#8243; text_font_size=\u00bb18px\u00bb text_orientation=\u00bbcenter\u00bb custom_margin=\u00bb0px||0px||false|false\u00bb custom_padding=\u00bb0px||0px||true|false\u00bb global_colors_info=\u00bb{%22gcid-0cc33491-21aa-44cc-a98d-d4554aa8a4a6%22:%91%22text_text_color%22%93}\u00bb]<\/p>\n<p>Mariel Bazzalo<\/p>\n<p>[\/et_pb_text][\/et_pb_column][et_pb_column type=\u00bb2_3&#8243; _builder_version=\u00bb4.18.0&#8243; _module_preset=\u00bbdefault\u00bb global_colors_info=\u00bb{}\u00bb][et_pb_text _builder_version=\u00bb4.27.4&#8243; _module_preset=\u00bbdefault\u00bb text_font=\u00bbMontserrat||||||||\u00bb text_text_color=\u00bb#000000&#8243; text_font_size=\u00bb15px\u00bb custom_margin=\u00bb0px||0px||false|false\u00bb custom_padding=\u00bb0px||0px||true|false\u00bb hover_enabled=\u00bb0&#8243; text_font_size_tablet=\u00bb15px\u00bb text_font_size_phone=\u00bb15px\u00bb text_font_size_last_edited=\u00bbon|phone\u00bb global_colors_info=\u00bb{}\u00bb sticky_enabled=\u00bb0&#8243;]<strong>Biograf\u00eda:<\/strong> Bi\u00f3loga y Dra. en Ciencias Biol\u00f3gicas (UBA) con investigaciones en conservaci\u00f3n y comportamiento de primates, perezosos, aves y delfines, as\u00ed como gesti\u00f3n ambiental del r\u00edo Uruguay. Desarrolla planes de conservaci\u00f3n y restauraci\u00f3n del bosque atl\u00e1ntico, humedales y ribere\u00f1o con diferentes enfoques como educaci\u00f3n ambiental, voluntariados, control de ex\u00f3ticas y turismo regenerativo. Experiencia en Brasil, Argentina, Uruguay y USA. Presidente de la FIRE \u2013 Argentina.<\/p>\n<p><strong>Intereses:<\/strong> Restauraci\u00f3n de ecosistemas ribere\u00f1os, biodiversidad, sensibilizaci\u00f3n ambiental, econom\u00edas circulares.[\/et_pb_text][et_pb_blurb title=\u00bbDatos de Contacto\u00bb url=\u00bbmailto:%20bazzalomariel@gmail.com\u00bb use_icon=\u00bbon\u00bb font_icon=\u00bb&#xf0e0;||fa||400&#8243; icon_color=\u00bbgcid-0cc33491-21aa-44cc-a98d-d4554aa8a4a6&#8243; icon_placement=\u00bbleft\u00bb image_icon_width=\u00bb22px\u00bb content_max_width=\u00bb1100px\u00bb disabled_on=\u00bboff|off|off\u00bb _builder_version=\u00bb4.18.0&#8243; _module_preset=\u00bbdefault\u00bb header_font=\u00bbMontserrat|600|||||||\u00bb header_font_size=\u00bb15px\u00bb image_icon_custom_margin=\u00bb-3px|0px||0px|false|false\u00bb image_icon_custom_padding=\u00bb|0px||0px|false|true\u00bb custom_margin=\u00bb20px||0px||false|false\u00bb custom_padding=\u00bb||||false|false\u00bb global_colors_info=\u00bb{%22gcid-0cc33491-21aa-44cc-a98d-d4554aa8a4a6%22:%91%22icon_color%22,%22header_text_color__hover%22%93}\u00bb header_text_color__hover_enabled=\u00bbon|hover\u00bb header_text_color__hover=\u00bb#5595ac\u00bb][\/et_pb_blurb][\/et_pb_column][\/et_pb_row][et_pb_row column_structure=\u00bb1_3,2_3&#8243; use_custom_gutter=\u00bbon\u00bb gutter_width=\u00bb2&#8243; make_equal=\u00bbon\u00bb _builder_version=\u00bb4.18.0&#8243; _module_preset=\u00bbdefault\u00bb background_color=\u00bb#FFFFFF\u00bb width_tablet=\u00bb\u00bb width_phone=\u00bb100%\u00bb width_last_edited=\u00bbon|phone\u00bb max_width_tablet=\u00bb\u00bb max_width_phone=\u00bb90%\u00bb max_width_last_edited=\u00bbon|phone\u00bb custom_padding=\u00bb30px|20px|30px|20px|true|true\u00bb global_colors_info=\u00bb{}\u00bb][et_pb_column type=\u00bb1_3&#8243; _builder_version=\u00bb4.18.0&#8243; _module_preset=\u00bbdefault\u00bb global_colors_info=\u00bb{}\u00bb][et_pb_image src=\u00bbhttps:\/\/fireargentina.org\/web\/wp-content\/uploads\/esteban.jpg\u00bb title_text=\u00bbesteban\u00bb align=\u00bbcenter\u00bb _builder_version=\u00bb4.27.4&#8243; _module_preset=\u00bbdefault\u00bb custom_margin=\u00bb0px||15px||false|false\u00bb custom_padding=\u00bb0px||0px||true|false\u00bb border_radii=\u00bbon|250px|250px|250px|250px\u00bb global_colors_info=\u00bb{}\u00bb][\/et_pb_image][et_pb_text _builder_version=\u00bb4.18.0&#8243; _module_preset=\u00bbdefault\u00bb text_font=\u00bbMontserrat|600|||||||\u00bb text_text_color=\u00bbgcid-f5e91ded-eb5d-42c7-ac30-746c7522eab7&#8243; text_font_size=\u00bb18px\u00bb text_orientation=\u00bbcenter\u00bb custom_margin=\u00bb0px||0px||false|false\u00bb custom_padding=\u00bb0px||0px||true|false\u00bb global_colors_info=\u00bb{%22gcid-f5e91ded-eb5d-42c7-ac30-746c7522eab7%22:%91%22text_text_color%22%93}\u00bb]<\/p>\n<p>Esteban Kowaljow<\/p>\n<p>[\/et_pb_text][\/et_pb_column][et_pb_column type=\u00bb2_3&#8243; _builder_version=\u00bb4.18.0&#8243; _module_preset=\u00bbdefault\u00bb global_colors_info=\u00bb{}\u00bb][et_pb_text _builder_version=\u00bb4.27.4&#8243; _module_preset=\u00bbdefault\u00bb text_font=\u00bbMontserrat||||||||\u00bb text_text_color=\u00bb#000000&#8243; text_font_size=\u00bb15px\u00bb custom_margin=\u00bb0px||0px||false|false\u00bb custom_padding=\u00bb0px||0px||true|false\u00bb hover_enabled=\u00bb0&#8243; text_font_size_tablet=\u00bb15px\u00bb text_font_size_phone=\u00bb15px\u00bb text_font_size_last_edited=\u00bbon|phone\u00bb global_colors_info=\u00bb{}\u00bb sticky_enabled=\u00bb0&#8243;]<strong>Biograf\u00eda:<\/strong> Bi\u00f3logo y Doctor en Ciencias Biol\u00f3gicas, Profesor de la Universidad Nacional de C\u00f3rdoba y socio fundador de la FIRE \u2013 Argentina. Su labor acad\u00e9mica y de investigaci\u00f3n se centra en la ecolog\u00eda de la restauraci\u00f3n con \u00e9nfasis en sistemas productivos agr\u00edcola-ganaderos, abordando tanto dimensiones ecol\u00f3gicas como sociales. Actualmente desarrolla proyectos orientados a la recuperaci\u00f3n de la biodiversidad y de los servicios ecosist\u00e9micos, as\u00ed como al fortalecimiento de los v\u00ednculos entre las comunidades humanas y la naturaleza, integrando ciencia, gesti\u00f3n y participaci\u00f3n social en el dise\u00f1o de estrategias de restauraci\u00f3n ecol\u00f3gica.<\/p>\n<p><strong>Intereses:<\/strong> Restauraci\u00f3n de agroecosistemas, biodiversidad, restauraci\u00f3n de suelos con enmiendas org\u00e1nicas.[\/et_pb_text][et_pb_blurb title=\u00bbDatos de Contacto\u00bb url=\u00bbmailto:%20ekowaljow@unc.edu.ar\u00bb use_icon=\u00bbon\u00bb font_icon=\u00bb&#xf0e0;||fa||400&#8243; icon_color=\u00bbgcid-f5e91ded-eb5d-42c7-ac30-746c7522eab7&#8243; icon_placement=\u00bbleft\u00bb image_icon_width=\u00bb22px\u00bb content_max_width=\u00bb1100px\u00bb disabled_on=\u00bboff|off|off\u00bb _builder_version=\u00bb4.18.0&#8243; _module_preset=\u00bbdefault\u00bb header_font=\u00bbMontserrat|600|||||||\u00bb header_font_size=\u00bb15px\u00bb image_icon_custom_margin=\u00bb-3px|0px||0px|false|false\u00bb image_icon_custom_padding=\u00bb|0px||0px|false|true\u00bb custom_margin=\u00bb20px||0px||false|false\u00bb custom_padding=\u00bb||||false|false\u00bb global_colors_info=\u00bb{%22gcid-f5e91ded-eb5d-42c7-ac30-746c7522eab7%22:%91%22icon_color%22,%22header_text_color__hover%22%93}\u00bb header_text_color__hover_enabled=\u00bbon|hover\u00bb header_text_color__hover=\u00bb#7e9e00&#8243;][\/et_pb_blurb][\/et_pb_column][\/et_pb_row][et_pb_row column_structure=\u00bb1_3,2_3&#8243; use_custom_gutter=\u00bbon\u00bb gutter_width=\u00bb2&#8243; make_equal=\u00bbon\u00bb _builder_version=\u00bb4.18.0&#8243; _module_preset=\u00bbdefault\u00bb background_color=\u00bbgcid-523e7119-a0ad-4f73-9f4c-30e500c92db3&#8243; width_tablet=\u00bb\u00bb width_phone=\u00bb100%\u00bb width_last_edited=\u00bbon|phone\u00bb max_width_tablet=\u00bb\u00bb max_width_phone=\u00bb90%\u00bb max_width_last_edited=\u00bbon|phone\u00bb custom_padding=\u00bb30px|20px|30px|20px|true|true\u00bb global_colors_info=\u00bb{%22gcid-523e7119-a0ad-4f73-9f4c-30e500c92db3%22:%91%22background_color%22,%22background_color%22%93}\u00bb][et_pb_column type=\u00bb1_3&#8243; _builder_version=\u00bb4.18.0&#8243; _module_preset=\u00bbdefault\u00bb global_colors_info=\u00bb{}\u00bb][et_pb_image src=\u00bbhttps:\/\/fireargentina.org\/web\/wp-content\/uploads\/paula.jpg\u00bb title_text=\u00bbpaula\u00bb align=\u00bbcenter\u00bb _builder_version=\u00bb4.27.4&#8243; _module_preset=\u00bbdefault\u00bb custom_margin=\u00bb0px||15px||false|false\u00bb custom_padding=\u00bb0px||0px||true|false\u00bb border_radii=\u00bbon|250px|250px|250px|250px\u00bb global_colors_info=\u00bb{}\u00bb][\/et_pb_image][et_pb_text _builder_version=\u00bb4.18.0&#8243; _module_preset=\u00bbdefault\u00bb text_font=\u00bbMontserrat|600|||||||\u00bb text_text_color=\u00bbgcid-0cc33491-21aa-44cc-a98d-d4554aa8a4a6&#8243; text_font_size=\u00bb18px\u00bb text_orientation=\u00bbcenter\u00bb custom_margin=\u00bb0px||0px||false|false\u00bb custom_padding=\u00bb0px||0px||true|false\u00bb global_colors_info=\u00bb{%22gcid-0cc33491-21aa-44cc-a98d-d4554aa8a4a6%22:%91%22text_text_color%22%93}\u00bb]<\/p>\n<p>Paula Meli<\/p>\n<p>[\/et_pb_text][\/et_pb_column][et_pb_column type=\u00bb2_3&#8243; _builder_version=\u00bb4.18.0&#8243; _module_preset=\u00bbdefault\u00bb global_colors_info=\u00bb{}\u00bb][et_pb_text _builder_version=\u00bb4.27.4&#8243; _module_preset=\u00bbdefault\u00bb text_font=\u00bbMontserrat||||||||\u00bb text_text_color=\u00bb#000000&#8243; text_font_size=\u00bb15px\u00bb custom_margin=\u00bb0px||0px||false|false\u00bb custom_padding=\u00bb0px||0px||true|false\u00bb hover_enabled=\u00bb0&#8243; global_colors_info=\u00bb{}\u00bb sticky_enabled=\u00bb0&#8243;]<strong>Biograf\u00eda:<\/strong> Bi\u00f3loga y Dra. Ecolog\u00eda, Conservaci\u00f3n y Restauraci\u00f3n de Ecosistemas. Investigadora asociada en Natura y Ecosistemas Mexicanos A.C. (M\u00e9xico) y del Laboratorio de Estudios del Antropoceno (Chile). Tiene m\u00e1s de 80 publicaciones cient\u00edficas y actualmente trabaja con m\u00faltiples estudios de caso de restauraci\u00f3n en M\u00e9xico, Brasil, Chile y Argentina. Socia fundadora y Tesorera de la FIRE \u2013 Argentina.<\/p>\n<p><strong>Intereses:<\/strong> Restauraci\u00f3n socioecol\u00f3gica y biocultural; restauraci\u00f3n de la biodiversidad y los servicios ecosist\u00e9micos, ecosistemas tropicales, corredores biol\u00f3gicos\u00a0y\u00a0riparios.[\/et_pb_text][et_pb_blurb title=\u00bbDatos de Contacto\u00bb url=\u00bbmailto:%20pmeli@udec.cl\u00bb use_icon=\u00bbon\u00bb font_icon=\u00bb&#xf0e0;||fa||400&#8243; icon_color=\u00bbgcid-0cc33491-21aa-44cc-a98d-d4554aa8a4a6&#8243; icon_placement=\u00bbleft\u00bb image_icon_width=\u00bb22px\u00bb content_max_width=\u00bb1100px\u00bb disabled_on=\u00bboff|off|off\u00bb _builder_version=\u00bb4.18.0&#8243; _module_preset=\u00bbdefault\u00bb header_font=\u00bbMontserrat|600|||||||\u00bb header_font_size=\u00bb15px\u00bb image_icon_custom_margin=\u00bb-3px|0px||0px|false|false\u00bb image_icon_custom_padding=\u00bb|0px||0px|false|true\u00bb custom_margin=\u00bb20px||0px||false|false\u00bb custom_padding=\u00bb||||false|false\u00bb global_colors_info=\u00bb{%22gcid-0cc33491-21aa-44cc-a98d-d4554aa8a4a6%22:%91%22icon_color%22,%22header_text_color__hover%22,%22icon_color%22%93}\u00bb header_text_color__hover=\u00bb#5595ac\u00bb header_text_color__hover_enabled=\u00bbon|hover\u00bb][\/et_pb_blurb][\/et_pb_column][\/et_pb_row][et_pb_row column_structure=\u00bb1_3,2_3&#8243; use_custom_gutter=\u00bbon\u00bb gutter_width=\u00bb2&#8243; make_equal=\u00bbon\u00bb _builder_version=\u00bb4.18.0&#8243; _module_preset=\u00bbdefault\u00bb background_color=\u00bb#FFFFFF\u00bb width_tablet=\u00bb\u00bb width_phone=\u00bb100%\u00bb width_last_edited=\u00bbon|phone\u00bb max_width_tablet=\u00bb\u00bb max_width_phone=\u00bb90%\u00bb max_width_last_edited=\u00bbon|phone\u00bb custom_padding=\u00bb30px|20px|30px|20px|true|true\u00bb global_colors_info=\u00bb{}\u00bb][et_pb_column type=\u00bb1_3&#8243; _builder_version=\u00bb4.18.0&#8243; _module_preset=\u00bbdefault\u00bb global_colors_info=\u00bb{}\u00bb][et_pb_image src=\u00bbhttps:\/\/fireargentina.org\/web\/wp-content\/uploads\/cristina.jpg\u00bb title_text=\u00bbcristina\u00bb align=\u00bbcenter\u00bb _builder_version=\u00bb4.27.4&#8243; _module_preset=\u00bbdefault\u00bb custom_margin=\u00bb0px||15px||false|false\u00bb custom_padding=\u00bb0px||0px||true|false\u00bb border_radii=\u00bbon|250px|250px|250px|250px\u00bb global_colors_info=\u00bb{}\u00bb][\/et_pb_image][et_pb_text _builder_version=\u00bb4.18.0&#8243; _module_preset=\u00bbdefault\u00bb text_font=\u00bbMontserrat|600|||||||\u00bb text_text_color=\u00bbgcid-f5e91ded-eb5d-42c7-ac30-746c7522eab7&#8243; text_font_size=\u00bb18px\u00bb text_orientation=\u00bbcenter\u00bb custom_margin=\u00bb0px||0px||false|false\u00bb custom_padding=\u00bb0px||0px||true|false\u00bb global_colors_info=\u00bb{%22gcid-f5e91ded-eb5d-42c7-ac30-746c7522eab7%22:%91%22text_text_color%22%93}\u00bb]Mar\u00eda Cristina Calveyra[\/et_pb_text][\/et_pb_column][et_pb_column type=\u00bb2_3&#8243; _builder_version=\u00bb4.18.0&#8243; _module_preset=\u00bbdefault\u00bb global_colors_info=\u00bb{}\u00bb][et_pb_text _builder_version=\u00bb4.27.4&#8243; _module_preset=\u00bbdefault\u00bb text_font=\u00bbMontserrat||||||||\u00bb text_text_color=\u00bb#000000&#8243; text_font_size=\u00bb15px\u00bb custom_margin=\u00bb0px||0px||false|false\u00bb custom_padding=\u00bb0px||0px||true|false\u00bb hover_enabled=\u00bb0&#8243; global_colors_info=\u00bb{}\u00bb sticky_enabled=\u00bb0&#8243;]<strong>Biograf\u00eda:<\/strong> Abogada, ex Jueza. Socia fundadora de la FIRE\u00a0\u2013\u00a0Argentina.<\/p>\n<p><strong>Intereses:<\/strong> Legislaci\u00f3n ambiental, recursos de amparos ambientales y sensibilizaci\u00f3n ambiental.[\/et_pb_text][et_pb_blurb title=\u00bbDatos de Contacto\u00bb url=\u00bbmailto:%20mcristina1309@gmail.com\u00bb use_icon=\u00bbon\u00bb font_icon=\u00bb&#xf0e0;||fa||400&#8243; icon_color=\u00bbgcid-f5e91ded-eb5d-42c7-ac30-746c7522eab7&#8243; icon_placement=\u00bbleft\u00bb image_icon_width=\u00bb22px\u00bb content_max_width=\u00bb1100px\u00bb disabled_on=\u00bboff|off|off\u00bb _builder_version=\u00bb4.18.0&#8243; _module_preset=\u00bbdefault\u00bb header_font=\u00bbMontserrat|600|||||||\u00bb header_font_size=\u00bb15px\u00bb image_icon_custom_margin=\u00bb-3px|0px||0px|false|false\u00bb image_icon_custom_padding=\u00bb|0px||0px|false|true\u00bb custom_margin=\u00bb20px||0px||false|false\u00bb custom_padding=\u00bb||||false|false\u00bb global_colors_info=\u00bb{%22gcid-f5e91ded-eb5d-42c7-ac30-746c7522eab7%22:%91%22icon_color%22,%22header_text_color__hover%22,%22icon_color%22%93}\u00bb header_text_color__hover=\u00bb#7e9e00&#8243; header_text_color__hover_enabled=\u00bbon|hover\u00bb][\/et_pb_blurb][\/et_pb_column][\/et_pb_row][et_pb_row column_structure=\u00bb1_3,2_3&#8243; use_custom_gutter=\u00bbon\u00bb gutter_width=\u00bb2&#8243; make_equal=\u00bbon\u00bb _builder_version=\u00bb4.18.0&#8243; _module_preset=\u00bbdefault\u00bb background_color=\u00bbgcid-523e7119-a0ad-4f73-9f4c-30e500c92db3&#8243; width_tablet=\u00bb\u00bb width_phone=\u00bb100%\u00bb width_last_edited=\u00bbon|phone\u00bb max_width_tablet=\u00bb\u00bb max_width_phone=\u00bb90%\u00bb max_width_last_edited=\u00bbon|phone\u00bb custom_padding=\u00bb30px|20px|30px|20px|true|true\u00bb global_colors_info=\u00bb{%22gcid-523e7119-a0ad-4f73-9f4c-30e500c92db3%22:%91%22background_color%22,%22background_color%22%93}\u00bb][et_pb_column type=\u00bb1_3&#8243; _builder_version=\u00bb4.18.0&#8243; _module_preset=\u00bbdefault\u00bb global_colors_info=\u00bb{}\u00bb][et_pb_image src=\u00bbhttps:\/\/fireargentina.org\/web\/wp-content\/uploads\/paola.jpg\u00bb title_text=\u00bbpaola\u00bb align=\u00bbcenter\u00bb _builder_version=\u00bb4.27.4&#8243; _module_preset=\u00bbdefault\u00bb custom_margin=\u00bb0px||15px||false|false\u00bb custom_padding=\u00bb0px||0px||true|false\u00bb border_radii=\u00bbon|250px|250px|250px|250px\u00bb global_colors_info=\u00bb{}\u00bb][\/et_pb_image][et_pb_text _builder_version=\u00bb4.18.0&#8243; _module_preset=\u00bbdefault\u00bb text_font=\u00bbMontserrat|600|||||||\u00bb text_text_color=\u00bbgcid-0cc33491-21aa-44cc-a98d-d4554aa8a4a6&#8243; text_font_size=\u00bb18px\u00bb text_orientation=\u00bbcenter\u00bb custom_margin=\u00bb0px||0px||false|false\u00bb custom_padding=\u00bb0px||0px||true|false\u00bb global_colors_info=\u00bb{%22gcid-0cc33491-21aa-44cc-a98d-d4554aa8a4a6%22:%91%22text_text_color%22%93}\u00bb]<\/p>\n<p>Paola A. Bacalini<\/p>\n<p>[\/et_pb_text][\/et_pb_column][et_pb_column type=\u00bb2_3&#8243; _builder_version=\u00bb4.18.0&#8243; _module_preset=\u00bbdefault\u00bb global_colors_info=\u00bb{}\u00bb][et_pb_text _builder_version=\u00bb4.18.0&#8243; _module_preset=\u00bbdefault\u00bb text_font=\u00bbMontserrat||||||||\u00bb text_text_color=\u00bb#000000&#8243; text_font_size=\u00bb15px\u00bb custom_margin=\u00bb0px||0px||false|false\u00bb custom_padding=\u00bb0px||0px||true|false\u00bb global_colors_info=\u00bb{}\u00bb]<\/p>\n<p><strong>Biograf\u00eda:<\/strong> Bi\u00f3loga, Lic. en Ciencias Biol\u00f3gicas y Especialista en Desarrollo Agroforestal y Seguridad alimentaria. Socia fundadora de la FIRE &#8211; Argentina.<\/p>\n<p><strong>Intereses:<\/strong> Desarrollo Agroforestal y Soberan\u00eda Alimentaria. Restauraci\u00f3n de humedales subtropicales. Educaci\u00f3n Ambiental.<\/p>\n<p>[\/et_pb_text][et_pb_blurb title=\u00bbDatos de Contacto\u00bb url=\u00bbmailto:%20paoyaolin@gmail.com\u00bb use_icon=\u00bbon\u00bb font_icon=\u00bb&#xf0e0;||fa||400&#8243; icon_color=\u00bbgcid-0cc33491-21aa-44cc-a98d-d4554aa8a4a6&#8243; icon_placement=\u00bbleft\u00bb image_icon_width=\u00bb22px\u00bb content_max_width=\u00bb1100px\u00bb disabled_on=\u00bboff|off|off\u00bb _builder_version=\u00bb4.18.0&#8243; _module_preset=\u00bbdefault\u00bb header_font=\u00bbMontserrat|600|||||||\u00bb header_font_size=\u00bb15px\u00bb image_icon_custom_margin=\u00bb-3px|0px||0px|false|false\u00bb image_icon_custom_padding=\u00bb|0px||0px|false|true\u00bb custom_margin=\u00bb20px||0px||false|false\u00bb custom_padding=\u00bb||||false|false\u00bb global_colors_info=\u00bb{%22gcid-0cc33491-21aa-44cc-a98d-d4554aa8a4a6%22:%91%22icon_color%22,%22header_text_color__hover%22,%22icon_color%22%93}\u00bb header_text_color__hover=\u00bb#5595ac\u00bb header_text_color__hover_enabled=\u00bbon|hover\u00bb][\/et_pb_blurb][\/et_pb_column][\/et_pb_row][\/et_pb_section]<\/p>\n","protected":false},"excerpt":{"rendered":"<p>Sobre NosotrosFundaci\u00f3n Internacional para la Restauraci\u00f3n de Ecosistemas &#8211; ArgentinaCONOC\u00c9 AL EQUIPOPresidente: Dra. Mariel Bazzalo Tesorera: Dra. Paula Meli Secretaria: Prof. D\u00e9bora E. AmableMariel BazzaloBiograf\u00eda: Bi\u00f3loga y Dra. en Ciencias Biol\u00f3gicas (UBA) con investigaciones en conservaci\u00f3n y comportamiento de primates, perezosos, aves y delfines, as\u00ed como gesti\u00f3n ambiental del r\u00edo Uruguay. Desarrolla planes de conservaci\u00f3n [&hellip;]<\/p>\n","protected":false},"author":3,"featured_media":0,"parent":0,"menu_order":0,"comment_status":"closed","ping_status":"closed","template":"","meta":{"_et_pb_use_builder":"on","_et_pb_old_content":"","_et_gb_content_width":"","footnotes":""},"class_list":["post-148","page","type-page","status-publish","hentry"],"_links":{"self":[{"href":"https:\/\/fireargentina.org\/web\/wp-json\/wp\/v2\/pages\/148","targetHints":{"allow":["GET"]}}],"collection":[{"href":"https:\/\/fireargentina.org\/web\/wp-json\/wp\/v2\/pages"}],"about":[{"href":"https:\/\/fireargentina.org\/web\/wp-json\/wp\/v2\/types\/page"}],"author":[{"embeddable":true,"href":"https:\/\/fireargentina.org\/web\/wp-json\/wp\/v2\/users\/3"}],"replies":[{"embeddable":true,"href":"https:\/\/fireargentina.org\/web\/wp-json\/wp\/v2\/comments?post=148"}],"version-history":[{"count":46,"href":"https:\/\/fireargentina.org\/web\/wp-json\/wp\/v2\/pages\/148\/revisions"}],"predecessor-version":[{"id":455,"href":"https:\/\/fireargentina.org\/web\/wp-json\/wp\/v2\/pages\/148\/revisions\/455"}],"wp:attachment":[{"href":"https:\/\/fireargentina.org\/web\/wp-json\/wp\/v2\/media?parent=148"}],"curies":[{"name":"wp","href":"https:\/\/api.w.org\/{rel}","templated":true}]}}